{"id":94,"date":"2015-12-29T13:04:55","date_gmt":"2015-12-29T13:04:55","guid":{"rendered":"http:\/\/info-paginas.com\/prbottlers\/?page_id=94"},"modified":"2017-11-13T18:34:52","modified_gmt":"2017-11-13T18:34:52","slug":"locations","status":"publish","type":"page","link":"https:\/\/ccprb.com\/es\/locations\/","title":{"rendered":"Localidades"},"content":{"rendered":"<p><\/p>\n<div class=\"uk-panel uk-text-center tm-panel-icon\">\n<h3 class=\"uk-h1 uk-margin-top-remove\"><i class=\"uk-icon-map-marker\"><\/i> Localidades<\/h3>\n<\/div>\n<p>&nbsp;<\/p>\n<hr \/>\n<p> &nbsp;<\/p>\n<div class=\"uk-grid uk-margin-large-top\">\n<div class=\"uk-width-medium-1-3 uk-width-small-1-1\">\n<div class=\"uk-panel uk-panel-box uk-text-left\">\n<div class=\"uk-text-center uk-panel-teaser\"><img decoding=\"async\" class=\" uk-overlay-scale\" src=\"https:\/\/ccprb.com\/wp-content\/uploads\/2016\/10\/pr-bottler-bayamon-.jpg\" \/><\/div>\n<h3 class=\"uk-panel-title\">Centro de Distribuci\u00f3n y Oficinas Administrativas<\/h3>\n<div class=\"uk-margin\">Tel\u00e9fono: 787-288-6400<br \/> Carr. 174, Lote 107<br \/> Urb. Industrial Minillas<br \/> Bayam\u00f3n, PR 00959<\/div>\n<\/p><\/div>\n<\/p><\/div>\n<div class=\"uk-width-medium-1-3 uk-width-small-1-1\">\n<div class=\"uk-panel uk-panel-box uk-text-left\">\n<div class=\"uk-text-center uk-panel-teaser\"><img decoding=\"async\" class=\" uk-overlay-scale\" src=\"https:\/\/ccprb.com\/wp-content\/uploads\/2016\/09\/CAYEY13.jpg\" \/><\/div>\n<h3 class=\"uk-panel-title\">Planta de Manufactura y Centro de Distribuci\u00f3n<\/h3>\n<div class=\"uk-margin\">Tel\u00e9fono: 787-738-1500<br \/> Carr. 735, Intersecci\u00f3n #1<br \/> Bo. Montellano <br \/>Cayey, PR 00736<\/div>\n<\/p><\/div>\n<\/p><\/div>\n<div class=\"uk-width-medium-1-3 uk-width-small-1-1\">\n<div class=\"uk-panel uk-panel-box uk-text-left\">\n<div class=\"uk-text-center uk-panel-teaser\"><img decoding=\"async\" class=\" uk-overlay-scale\" src=\"https:\/\/ccprb.com\/wp-content\/uploads\/2016\/10\/pr-bottler-aguadilla.jpg\" \/><\/div>\n<h3 class=\"uk-panel-title\" style=\"margin-bottom: 50px;\">Centro de Distribuci\u00f3n<\/h3>\n<div class=\"uk-margin\" style=\"margin-bottom: 30px;\">Tel\u00e9fono: 787-872-4222<br \/> Carr. 110 km 2<br \/> Aguadilla, PR 00603<\/p>\n<p><\/div>\n<\/p><\/div>\n<\/p><\/div>\n<\/div>\n<div style=\"width: 100%; height: 50px;\"><\/div>\n<hr \/>\n<p> \n<script type=\"widgetkit\/map\" data-id=\"wk-map69d6e36b9f9da\" data-class=\" uk-img-preserve\" data-style=\"width:auto;height:450px;\">\n    {\"width\":\"auto\",\"height\":\"450\",\"maptypeid\":\"roadmap\",\"maptypecontrol\":true,\"mapctrl\":true,\"zoom\":\"9\",\"marker\":\"3\",\"marker_icon\":\"\",\"markercluster\":true,\"popup_max_width\":300,\"zoomwheel\":true,\"draggable\":true,\"directions\":true,\"disabledefaultui\":false,\"styler_invert_lightness\":false,\"styler_hue\":\"\",\"styler_saturation\":0,\"styler_lightness\":0,\"styler_gamma\":0,\"media\":true,\"image_width\":\"auto\",\"image_height\":\"auto\",\"media_align\":\"top\",\"media_width\":\"1-2\",\"media_breakpoint\":\"medium\",\"media_border\":\"none\",\"media_overlay\":\"icon\",\"overlay_animation\":\"fade\",\"media_animation\":\"scale\",\"title\":true,\"content\":true,\"social_buttons\":true,\"title_size\":\"h4\",\"text_align\":\"center\",\"link\":true,\"link_style\":\"button\",\"link_text\":\"Read more\",\"link_target\":false,\"class\":\"\",\"markers\":[{\"lat\":18.381638444,\"lng\":-66.1426429104,\"icon\":\"\",\"title\":\"Distribution Center & Administrative Building\",\"content\":\"\\n<div class=\\\"uk-text-center\\\">\\n\\n    \\n    \\n        <h3 class=\\\"uk-h4 uk-margin-top-remove\\\">Distribution Center & Administrative Building<\\\/h3>\\n    \\n    \\n        <div class=\\\"uk-margin\\\"><p>Telephone: 787-288-6400<\\\/p>\\n<\\\/div>\\n    \\n    \\n    \\n    \\n<\\\/div>\\n\"},{\"lat\":18.1256264,\"lng\":-66.1365068,\"icon\":\"\",\"title\":\"Manufacturing Plant & Distribution Center\",\"content\":\"\\n<div class=\\\"uk-text-center\\\">\\n\\n    \\n    \\n        <h3 class=\\\"uk-h4 uk-margin-top-remove\\\">Manufacturing Plant & Distribution Center<\\\/h3>\\n    \\n    \\n        <div class=\\\"uk-margin\\\"><p>Telephone: 787-738-1500<\\\/p>\\n<\\\/div>\\n    \\n    \\n    \\n    \\n<\\\/div>\\n\"},{\"lat\":18.5123254,\"lng\":-67.0830256,\"icon\":\"\",\"title\":\"Distribution Center\",\"content\":\"\\n<div class=\\\"uk-text-center\\\">\\n\\n    \\n    \\n        <h3 class=\\\"uk-h4 uk-margin-top-remove\\\">Distribution Center<\\\/h3>\\n    \\n    \\n        <div class=\\\"uk-margin\\\"><p>Telephone: 787-872-4222<\\\/p>\\n<\\\/div>\\n    \\n    \\n    \\n    \\n<\\\/div>\\n\"}],\"directionsText\":\"Get Directions\"}<\/script>\n<\/p>","protected":false},"excerpt":{"rendered":"<p>Localidades &nbsp; &nbsp; Centro de Distribuci\u00f3n y Oficinas Administrativas Tel\u00e9fono: 787-288-6400 Carr. 174, Lote 107 Urb. Industrial Minillas Bayam\u00f3n, PR 00959 Planta de Manufactura y Centro de Distribuci\u00f3n Tel\u00e9fono: 787-738-1500 Carr. 735, Intersecci\u00f3n #1 Bo. Montellano Cayey, PR 00736 Centro de Distribuci\u00f3n Tel\u00e9fono: 787-872-4222 Carr. 110 km 2 Aguadilla, PR 00603<\/p>\n","protected":false},"author":1,"featured_media":0,"parent":0,"menu_order":0,"comment_status":"closed","ping_status":"closed","template":"","meta":{"footnotes":""},"class_list":["post-94","page","type-page","status-publish","hentry"],"yoast_head":"<!-- This site is optimized with the Yoast SEO plugin v25.0 - https:\/\/yoast.com\/wordpress\/plugins\/seo\/ -->\n<title>Localidades - Puerto Rico Bottlers<\/title>\n<meta name=\"description\" content=\"Discover the location of the Distribution Center, Administrative Building and Plant.\" \/>\n<meta name=\"robots\" content=\"index, follow, max-snippet:-1, max-image-preview:large, max-video-preview:-1\" \/>\n<link rel=\"canonical\" href=\"https:\/\/ccprb.com\/es\/locations\/\" \/>\n<meta property=\"og:locale\" content=\"es_ES\" \/>\n<meta property=\"og:type\" content=\"article\" \/>\n<meta property=\"og:title\" content=\"[:en]Locations[:es]Localidades[:] - Puerto Rico Bottlers\" \/>\n<meta property=\"og:description\" content=\"Discover the location of the Distribution Center, Administrative Building and Plant.\" \/>\n<meta property=\"og:url\" content=\"https:\/\/ccprb.com\/es\/locations\/\" \/>\n<meta property=\"og:site_name\" content=\"Puerto Rico Bottlers\" \/>\n<meta property=\"article:modified_time\" content=\"2017-11-13T18:34:52+00:00\" \/>\n<meta property=\"og:image\" content=\"https:\/\/ccprb.com\/wp-content\/uploads\/2016\/10\/pr-bottler-bayamon-.jpg\" \/>\n<meta name=\"twitter:card\" content=\"summary_large_image\" \/>\n<meta name=\"twitter:label1\" content=\"Tiempo de lectura\" \/>\n\t<meta name=\"twitter:data1\" content=\"1 minuto\" \/>\n<script type=\"application\/ld+json\" class=\"yoast-schema-graph\">{\"@context\":\"https:\/\/schema.org\",\"@graph\":[{\"@type\":\"WebPage\",\"@id\":\"https:\/\/ccprb.com\/es\/locations\/\",\"url\":\"https:\/\/ccprb.com\/es\/locations\/\",\"name\":\"[:en]Locations[:es]Localidades[:] - Puerto Rico Bottlers\",\"isPartOf\":{\"@id\":\"https:\/\/ccprb.com\/#website\"},\"primaryImageOfPage\":{\"@id\":\"https:\/\/ccprb.com\/es\/locations\/#primaryimage\"},\"image\":{\"@id\":\"https:\/\/ccprb.com\/es\/locations\/#primaryimage\"},\"thumbnailUrl\":\"https:\/\/ccprb.com\/wp-content\/uploads\/2016\/10\/pr-bottler-bayamon-.jpg\",\"datePublished\":\"2015-12-29T13:04:55+00:00\",\"dateModified\":\"2017-11-13T18:34:52+00:00\",\"description\":\"Discover the location of the Distribution Center, Administrative Building and Plant.\",\"breadcrumb\":{\"@id\":\"https:\/\/ccprb.com\/es\/locations\/#breadcrumb\"},\"inLanguage\":\"es\",\"potentialAction\":[{\"@type\":\"ReadAction\",\"target\":[\"https:\/\/ccprb.com\/es\/locations\/\"]}]},{\"@type\":\"ImageObject\",\"inLanguage\":\"es\",\"@id\":\"https:\/\/ccprb.com\/es\/locations\/#primaryimage\",\"url\":\"https:\/\/ccprb.com\/wp-content\/uploads\/2016\/10\/pr-bottler-bayamon-.jpg\",\"contentUrl\":\"https:\/\/ccprb.com\/wp-content\/uploads\/2016\/10\/pr-bottler-bayamon-.jpg\"},{\"@type\":\"BreadcrumbList\",\"@id\":\"https:\/\/ccprb.com\/es\/locations\/#breadcrumb\",\"itemListElement\":[{\"@type\":\"ListItem\",\"position\":1,\"name\":\"Home\",\"item\":\"https:\/\/ccprb.com\/\"},{\"@type\":\"ListItem\",\"position\":2,\"name\":\"Localidades\"}]},{\"@type\":\"WebSite\",\"@id\":\"https:\/\/ccprb.com\/#website\",\"url\":\"https:\/\/ccprb.com\/\",\"name\":\"Puerto Rico Bottlers\",\"description\":\"\",\"potentialAction\":[{\"@type\":\"SearchAction\",\"target\":{\"@type\":\"EntryPoint\",\"urlTemplate\":\"https:\/\/ccprb.com\/?s={search_term_string}\"},\"query-input\":{\"@type\":\"PropertyValueSpecification\",\"valueRequired\":true,\"valueName\":\"search_term_string\"}}],\"inLanguage\":\"es\"}]}<\/script>\n<!-- \/ Yoast SEO plugin. -->","yoast_head_json":{"title":"[:en]Locations[:es]Localidades[:] - Puerto Rico Bottlers","description":"Discover the location of the Distribution Center, Administrative Building and Plant.","robots":{"index":"index","follow":"follow","max-snippet":"max-snippet:-1","max-image-preview":"max-image-preview:large","max-video-preview":"max-video-preview:-1"},"canonical":"https:\/\/ccprb.com\/es\/locations\/","og_locale":"es_ES","og_type":"article","og_title":"[:en]Locations[:es]Localidades[:] - Puerto Rico Bottlers","og_description":"Discover the location of the Distribution Center, Administrative Building and Plant.","og_url":"https:\/\/ccprb.com\/es\/locations\/","og_site_name":"Puerto Rico Bottlers","article_modified_time":"2017-11-13T18:34:52+00:00","og_image":[{"url":"https:\/\/ccprb.com\/wp-content\/uploads\/2016\/10\/pr-bottler-bayamon-.jpg","type":"","width":"","height":""}],"twitter_card":"summary_large_image","twitter_misc":{"Tiempo de lectura":"1 minuto"},"schema":{"@context":"https:\/\/schema.org","@graph":[{"@type":"WebPage","@id":"https:\/\/ccprb.com\/es\/locations\/","url":"https:\/\/ccprb.com\/es\/locations\/","name":"[:en]Locations[:es]Localidades[:] - Puerto Rico Bottlers","isPartOf":{"@id":"https:\/\/ccprb.com\/#website"},"primaryImageOfPage":{"@id":"https:\/\/ccprb.com\/es\/locations\/#primaryimage"},"image":{"@id":"https:\/\/ccprb.com\/es\/locations\/#primaryimage"},"thumbnailUrl":"https:\/\/ccprb.com\/wp-content\/uploads\/2016\/10\/pr-bottler-bayamon-.jpg","datePublished":"2015-12-29T13:04:55+00:00","dateModified":"2017-11-13T18:34:52+00:00","description":"Discover the location of the Distribution Center, Administrative Building and Plant.","breadcrumb":{"@id":"https:\/\/ccprb.com\/es\/locations\/#breadcrumb"},"inLanguage":"es","potentialAction":[{"@type":"ReadAction","target":["https:\/\/ccprb.com\/es\/locations\/"]}]},{"@type":"ImageObject","inLanguage":"es","@id":"https:\/\/ccprb.com\/es\/locations\/#primaryimage","url":"https:\/\/ccprb.com\/wp-content\/uploads\/2016\/10\/pr-bottler-bayamon-.jpg","contentUrl":"https:\/\/ccprb.com\/wp-content\/uploads\/2016\/10\/pr-bottler-bayamon-.jpg"},{"@type":"BreadcrumbList","@id":"https:\/\/ccprb.com\/es\/locations\/#breadcrumb","itemListElement":[{"@type":"ListItem","position":1,"name":"Home","item":"https:\/\/ccprb.com\/"},{"@type":"ListItem","position":2,"name":"Localidades"}]},{"@type":"WebSite","@id":"https:\/\/ccprb.com\/#website","url":"https:\/\/ccprb.com\/","name":"Puerto Rico Bottlers","description":"","potentialAction":[{"@type":"SearchAction","target":{"@type":"EntryPoint","urlTemplate":"https:\/\/ccprb.com\/?s={search_term_string}"},"query-input":{"@type":"PropertyValueSpecification","valueRequired":true,"valueName":"search_term_string"}}],"inLanguage":"es"}]}},"_links":{"self":[{"href":"https:\/\/ccprb.com\/es\/wp-json\/wp\/v2\/pages\/94","targetHints":{"allow":["GET"]}}],"collection":[{"href":"https:\/\/ccprb.com\/es\/wp-json\/wp\/v2\/pages"}],"about":[{"href":"https:\/\/ccprb.com\/es\/wp-json\/wp\/v2\/types\/page"}],"author":[{"embeddable":true,"href":"https:\/\/ccprb.com\/es\/wp-json\/wp\/v2\/users\/1"}],"replies":[{"embeddable":true,"href":"https:\/\/ccprb.com\/es\/wp-json\/wp\/v2\/comments?post=94"}],"version-history":[{"count":55,"href":"https:\/\/ccprb.com\/es\/wp-json\/wp\/v2\/pages\/94\/revisions"}],"predecessor-version":[{"id":582,"href":"https:\/\/ccprb.com\/es\/wp-json\/wp\/v2\/pages\/94\/revisions\/582"}],"wp:attachment":[{"href":"https:\/\/ccprb.com\/es\/wp-json\/wp\/v2\/media?parent=94"}],"curies":[{"name":"wp","href":"https:\/\/api.w.org\/{rel}","templated":true}]}}