{"id":38,"date":"2015-12-28T21:01:46","date_gmt":"2015-12-28T21:01:46","guid":{"rendered":"http:\/\/info-paginas.com\/prbottlers\/?page_id=38"},"modified":"2017-11-13T18:32:04","modified_gmt":"2017-11-13T18:32:04","slug":"our-history","status":"publish","type":"page","link":"https:\/\/ccprb.com\/es\/our-history\/","title":{"rendered":"Nuestra Historia"},"content":{"rendered":"<p><\/p>\n<div class=\"uk-panel uk-text-center tm-panel-icon\">\n<h3 class=\"uk-h1 uk-margin-top-remove\"><i class=\"uk-icon-book\"><\/i> Nuestra Historia<\/h3>\n<\/div>\n<hr \/>\n<div class=\"uk-grid uk-grid-collapse uk-margin-top-remove uk-text-left uk-flex-middle\" data-uk-grid-match=\"\" data-uk-margin=\"{cls:'uk-margin-top'}\">\n<div class=\"uk-width-medium-1-2 uk-text-center uk-scrollspy-init-inview uk-scrollspy-inview uk-animation-slide-left\" data-uk-scrollspy-cls=\"uk-animation-slide-left uk-invisible\"><video class=\"uk-responsive-width\" style=\"height: 320px;\" src=\"https:\/\/ccprb.com\/wp-content\/uploads\/2016\/09\/bottler-video-edit.mp4\" autoplay=\"autoplay\" width=\"100%\" height=\"320\"><\/video><\/div>\n<div class=\"uk-width-medium-1-2 uk-scrollspy-inview uk-animation-slide-right\" data-uk-scrollspy-cls=\"uk-animation-slide-right uk-invisible\">\n<div class=\"uk-panel uk-panel-space uk-width-1-1\">\n<h3 class=\"uk-h2\"><b>Quienes Somos<\/b><\/h3>\n<p>&nbsp;<\/p>\n<div class=\"uk-margin\">\n<p class=\"p1\" style=\"text-align: justify;\"><span class=\"s1\">Coca-Cola Puerto Rico Bottlers es una empresa l\u00edder dedicada a la manufactura, embotellado y distribuci\u00f3n de productos de consumo en Puerto Rico.<\/span><\/p>\n<p class=\"p1\" style=\"text-align: justify;\"><span class=\"s1\">En 1995, CC1 Companies adquiere a Coca-Cola Puerto Rico Bottlers y sus operaciones de manufactura y embotellado en Cayey, Puerto Rico.  Desde entonces, la empresa se ha enfocado en diversificar la cartera de productos de Coca-Cola y otras bebidas, con el fin de innovar y satisfacer la demanda de los consumidores. La empresa tambi\u00e9n ha promovido la manufactura en Puerto Rico, a trav\u00e9s de la integraci\u00f3n vertical por compras localmente de botellas de pl\u00e1stico, latas de aluminio y otras materias primas de las compa\u00f1\u00edas afiliadas.  Coca-Cola Puerto Rico Bottlers y las operaciones afiliadas han logrado aumentar la capacidad de producci\u00f3n en Puerto Rico para as\u00ed reducir las importaciones de materia prima y generar m\u00e1s empleos y actividad econ\u00f3mica localmente.<\/span><\/p>\n<p class=\"p1\" style=\"text-align: justify;\"><span class=\"s1\">Coca-Cola Puerto Rico Bottlers lleva a cabo sus negocios a trav\u00e9s de venta y distribuci\u00f3n directa a supermercados, mayoristas, clubes, tiendas de conveniencia, bares y restaurantes.   Adem\u00e1s de crear la divisi\u00f3n m\u00e1s grande de vendom\u00e1ticas en la isla. Las operaciones se realizan desde tres (3) principales centros: Cayey &#8211; embotellado, manufactura y principal centro de distribuci\u00f3n, Bayam\u00f3n &#8211; oficinas centrales y distribuci\u00f3n de \u00e1rea metro, Aguadilla &#8211; distribuci\u00f3n de \u00e1rea oeste.<\/span><\/p>\n<\/div>\n<\/div>\n<\/div>\n<\/div>\n<hr class=\"uk-grid-divider uk-margin-remove\" \/>\n<div class=\"uk-grid uk-grid-collapse uk-margin-top-remove uk-text-left uk-flex-middle\" data-uk-grid-match=\"\" data-uk-margin=\"{cls:'uk-margin-top'}\">\n<div class=\"uk-width-medium-1-2 uk-text-center uk-float-right uk-flex-order-last-medium uk-scrollspy-inview uk-animation-slide-right\" data-uk-scrollspy-cls=\"uk-animation-slide-right uk-invisible\"><a href=\"https:\/\/us.coca-cola.com\/home\" target=\"_blank\" rel=\"noopener noreferrer\"><img loading=\"lazy\" decoding=\"async\" class=\" uk-overlay-scale\" src=\"https:\/\/ccprb.com\/wp-content\/uploads\/2016\/01\/cropped-coke-e1453376103949.jpg\" alt=\"Why are we #1?\" width=\"400\" height=\"400\" \/><\/a><\/div>\n<div class=\"uk-width-medium-1-2 uk-scrollspy-inview uk-animation-slide-left\" data-uk-scrollspy-cls=\"uk-animation-slide-left uk-invisible\">\n<div class=\"uk-panel uk-panel-space uk-width-1-1\">\n<h3 class=\"uk-h2\"><b>\u00bfPor qu\u00e9 Somos #1?<\/b><\/h3>\n<p>&nbsp;<\/p>\n<div class=\"uk-margin\">\n<p class=\"p1\" style=\"text-align: justify;\"><span class=\"s1\"> Somos l\u00edderes en la manufactura, embotellado, ventas y distribuci\u00f3n de bebidas en Puerto Rico.  Tenemos una participaci\u00f3n dominante en el mercado con una clientela verdaderamente satisfecha.  Esto es posible, gracias a nuestro constante inter\u00e9s en desarrollar esfuerzos que faciliten la estructura organizacional adecuada que permita cubrir las expectativas de nuestros clientes y suplidores.<\/span><\/p>\n<p class=\"p1\" style=\"text-align: justify;\"><span class=\"s1\">Para lograrlo, contamos con un equipo de profesionales de diversas \u00e1reas que unen conocimientos y destrezas con un s\u00f3lo fin: proveer productos que cumplan con las exigencias del mercado de hoy.  No cabe duda que somos una empresa, con una base fuerte y s\u00f3lida tanto en el \u00e1rea de producci\u00f3n y manufactura, como en distribuci\u00f3n, ventas y mercadeo. Nuestra fuerza laboral se nutre de un personal capacitado y adiestrado, y con una calidad humana que manifiestan en cada acci\u00f3n que ejecutan.<\/span><\/p>\n<\/div>\n<\/div>\n<\/div>\n<\/div>\n<p><\/p>","protected":false},"excerpt":{"rendered":"<p>Nuestra Historia Quienes Somos &nbsp; Coca-Cola Puerto Rico Bottlers es una empresa l\u00edder dedicada a la manufactura, embotellado y distribuci\u00f3n de productos de consumo en Puerto Rico. En 1995, CC1 Companies adquiere a Coca-Cola Puerto Rico Bottlers y sus operaciones de manufactura y embotellado en Cayey, Puerto Rico. Desde entonces, la empresa se ha enfocado [&hellip;]<\/p>\n","protected":false},"author":1,"featured_media":0,"parent":0,"menu_order":0,"comment_status":"closed","ping_status":"closed","template":"","meta":{"footnotes":""},"class_list":["post-38","page","type-page","status-publish","hentry"],"yoast_head":"<!-- This site is optimized with the Yoast SEO plugin v25.0 - https:\/\/yoast.com\/wordpress\/plugins\/seo\/ -->\n<title>Nuestra Historia - Puerto Rico Bottlers<\/title>\n<meta name=\"description\" content=\"Coca-Cola Puerto Rico Bottlers (CCPRB) is the leading manufacturer, bottler and distributor of non-alcoholic beverages in Puerto Rico.\" \/>\n<meta name=\"robots\" content=\"index, follow, max-snippet:-1, max-image-preview:large, max-video-preview:-1\" \/>\n<link rel=\"canonical\" href=\"https:\/\/ccprb.com\/es\/our-history\/\" \/>\n<meta property=\"og:locale\" content=\"es_ES\" \/>\n<meta property=\"og:type\" content=\"article\" \/>\n<meta property=\"og:title\" content=\"[:en]Our History[:es]Nuestra Historia[:] - Puerto Rico Bottlers\" \/>\n<meta property=\"og:description\" content=\"Coca-Cola Puerto Rico Bottlers (CCPRB) is the leading manufacturer, bottler and distributor of non-alcoholic beverages in Puerto Rico.\" \/>\n<meta property=\"og:url\" content=\"https:\/\/ccprb.com\/es\/our-history\/\" \/>\n<meta property=\"og:site_name\" content=\"Puerto Rico Bottlers\" \/>\n<meta property=\"article:modified_time\" content=\"2017-11-13T18:32:04+00:00\" \/>\n<meta property=\"og:image\" content=\"https:\/\/ccprb.com\/wp-content\/uploads\/2016\/01\/cropped-coke-e1453376103949.jpg\" \/>\n<meta name=\"twitter:card\" content=\"summary_large_image\" \/>\n<meta name=\"twitter:label1\" content=\"Tiempo de lectura\" \/>\n\t<meta name=\"twitter:data1\" content=\"3 minutos\" \/>\n<script type=\"application\/ld+json\" class=\"yoast-schema-graph\">{\"@context\":\"https:\/\/schema.org\",\"@graph\":[{\"@type\":\"WebPage\",\"@id\":\"https:\/\/ccprb.com\/es\/our-history\/\",\"url\":\"https:\/\/ccprb.com\/es\/our-history\/\",\"name\":\"[:en]Our History[:es]Nuestra Historia[:] - Puerto Rico Bottlers\",\"isPartOf\":{\"@id\":\"https:\/\/ccprb.com\/#website\"},\"primaryImageOfPage\":{\"@id\":\"https:\/\/ccprb.com\/es\/our-history\/#primaryimage\"},\"image\":{\"@id\":\"https:\/\/ccprb.com\/es\/our-history\/#primaryimage\"},\"thumbnailUrl\":\"https:\/\/ccprb.com\/wp-content\/uploads\/2016\/01\/cropped-coke-e1453376103949.jpg\",\"datePublished\":\"2015-12-28T21:01:46+00:00\",\"dateModified\":\"2017-11-13T18:32:04+00:00\",\"description\":\"Coca-Cola Puerto Rico Bottlers (CCPRB) is the leading manufacturer, bottler and distributor of non-alcoholic beverages in Puerto Rico.\",\"breadcrumb\":{\"@id\":\"https:\/\/ccprb.com\/es\/our-history\/#breadcrumb\"},\"inLanguage\":\"es\",\"potentialAction\":[{\"@type\":\"ReadAction\",\"target\":[\"https:\/\/ccprb.com\/es\/our-history\/\"]}]},{\"@type\":\"ImageObject\",\"inLanguage\":\"es\",\"@id\":\"https:\/\/ccprb.com\/es\/our-history\/#primaryimage\",\"url\":\"https:\/\/ccprb.com\/wp-content\/uploads\/2016\/01\/cropped-coke-e1453376103949.jpg\",\"contentUrl\":\"https:\/\/ccprb.com\/wp-content\/uploads\/2016\/01\/cropped-coke-e1453376103949.jpg\"},{\"@type\":\"BreadcrumbList\",\"@id\":\"https:\/\/ccprb.com\/es\/our-history\/#breadcrumb\",\"itemListElement\":[{\"@type\":\"ListItem\",\"position\":1,\"name\":\"Home\",\"item\":\"https:\/\/ccprb.com\/\"},{\"@type\":\"ListItem\",\"position\":2,\"name\":\"Nuestra Historia\"}]},{\"@type\":\"WebSite\",\"@id\":\"https:\/\/ccprb.com\/#website\",\"url\":\"https:\/\/ccprb.com\/\",\"name\":\"Puerto Rico Bottlers\",\"description\":\"\",\"potentialAction\":[{\"@type\":\"SearchAction\",\"target\":{\"@type\":\"EntryPoint\",\"urlTemplate\":\"https:\/\/ccprb.com\/?s={search_term_string}\"},\"query-input\":{\"@type\":\"PropertyValueSpecification\",\"valueRequired\":true,\"valueName\":\"search_term_string\"}}],\"inLanguage\":\"es\"}]}<\/script>\n<!-- \/ Yoast SEO plugin. -->","yoast_head_json":{"title":"[:en]Our History[:es]Nuestra Historia[:] - Puerto Rico Bottlers","description":"Coca-Cola Puerto Rico Bottlers (CCPRB) is the leading manufacturer, bottler and distributor of non-alcoholic beverages in Puerto Rico.","robots":{"index":"index","follow":"follow","max-snippet":"max-snippet:-1","max-image-preview":"max-image-preview:large","max-video-preview":"max-video-preview:-1"},"canonical":"https:\/\/ccprb.com\/es\/our-history\/","og_locale":"es_ES","og_type":"article","og_title":"[:en]Our History[:es]Nuestra Historia[:] - Puerto Rico Bottlers","og_description":"Coca-Cola Puerto Rico Bottlers (CCPRB) is the leading manufacturer, bottler and distributor of non-alcoholic beverages in Puerto Rico.","og_url":"https:\/\/ccprb.com\/es\/our-history\/","og_site_name":"Puerto Rico Bottlers","article_modified_time":"2017-11-13T18:32:04+00:00","og_image":[{"url":"https:\/\/ccprb.com\/wp-content\/uploads\/2016\/01\/cropped-coke-e1453376103949.jpg","type":"","width":"","height":""}],"twitter_card":"summary_large_image","twitter_misc":{"Tiempo de lectura":"3 minutos"},"schema":{"@context":"https:\/\/schema.org","@graph":[{"@type":"WebPage","@id":"https:\/\/ccprb.com\/es\/our-history\/","url":"https:\/\/ccprb.com\/es\/our-history\/","name":"[:en]Our History[:es]Nuestra Historia[:] - Puerto Rico Bottlers","isPartOf":{"@id":"https:\/\/ccprb.com\/#website"},"primaryImageOfPage":{"@id":"https:\/\/ccprb.com\/es\/our-history\/#primaryimage"},"image":{"@id":"https:\/\/ccprb.com\/es\/our-history\/#primaryimage"},"thumbnailUrl":"https:\/\/ccprb.com\/wp-content\/uploads\/2016\/01\/cropped-coke-e1453376103949.jpg","datePublished":"2015-12-28T21:01:46+00:00","dateModified":"2017-11-13T18:32:04+00:00","description":"Coca-Cola Puerto Rico Bottlers (CCPRB) is the leading manufacturer, bottler and distributor of non-alcoholic beverages in Puerto Rico.","breadcrumb":{"@id":"https:\/\/ccprb.com\/es\/our-history\/#breadcrumb"},"inLanguage":"es","potentialAction":[{"@type":"ReadAction","target":["https:\/\/ccprb.com\/es\/our-history\/"]}]},{"@type":"ImageObject","inLanguage":"es","@id":"https:\/\/ccprb.com\/es\/our-history\/#primaryimage","url":"https:\/\/ccprb.com\/wp-content\/uploads\/2016\/01\/cropped-coke-e1453376103949.jpg","contentUrl":"https:\/\/ccprb.com\/wp-content\/uploads\/2016\/01\/cropped-coke-e1453376103949.jpg"},{"@type":"BreadcrumbList","@id":"https:\/\/ccprb.com\/es\/our-history\/#breadcrumb","itemListElement":[{"@type":"ListItem","position":1,"name":"Home","item":"https:\/\/ccprb.com\/"},{"@type":"ListItem","position":2,"name":"Nuestra Historia"}]},{"@type":"WebSite","@id":"https:\/\/ccprb.com\/#website","url":"https:\/\/ccprb.com\/","name":"Puerto Rico Bottlers","description":"","potentialAction":[{"@type":"SearchAction","target":{"@type":"EntryPoint","urlTemplate":"https:\/\/ccprb.com\/?s={search_term_string}"},"query-input":{"@type":"PropertyValueSpecification","valueRequired":true,"valueName":"search_term_string"}}],"inLanguage":"es"}]}},"_links":{"self":[{"href":"https:\/\/ccprb.com\/es\/wp-json\/wp\/v2\/pages\/38","targetHints":{"allow":["GET"]}}],"collection":[{"href":"https:\/\/ccprb.com\/es\/wp-json\/wp\/v2\/pages"}],"about":[{"href":"https:\/\/ccprb.com\/es\/wp-json\/wp\/v2\/types\/page"}],"author":[{"embeddable":true,"href":"https:\/\/ccprb.com\/es\/wp-json\/wp\/v2\/users\/1"}],"replies":[{"embeddable":true,"href":"https:\/\/ccprb.com\/es\/wp-json\/wp\/v2\/comments?post=38"}],"version-history":[{"count":64,"href":"https:\/\/ccprb.com\/es\/wp-json\/wp\/v2\/pages\/38\/revisions"}],"predecessor-version":[{"id":581,"href":"https:\/\/ccprb.com\/es\/wp-json\/wp\/v2\/pages\/38\/revisions\/581"}],"wp:attachment":[{"href":"https:\/\/ccprb.com\/es\/wp-json\/wp\/v2\/media?parent=38"}],"curies":[{"name":"wp","href":"https:\/\/api.w.org\/{rel}","templated":true}]}}